{"id":7340,"date":"2022-07-11T19:55:53","date_gmt":"2022-07-11T19:55:53","guid":{"rendered":"http:\/\/h.aldaheem.ae\/?page_id=7340"},"modified":"2022-07-12T07:16:09","modified_gmt":"2022-07-12T07:16:09","slug":"faqs","status":"publish","type":"page","link":"https:\/\/aldaheem.ae\/?page_id=7340","title":{"rendered":"FAQ&#8217;s"},"content":{"rendered":"<p>[vc_row][vc_column]\t\t\t<link rel=\"stylesheet\" id=\"wd-section-title-css\" href=\"https:\/\/aldaheem.ae\/wp-content\/themes\/woodmart\/css\/parts\/el-section-title.min.css?ver=6.3.3\" type=\"text\/css\" media=\"all\" \/> \t\t\t\t\t\t<link rel=\"stylesheet\" id=\"wd-mod-highlighted-text-css\" href=\"https:\/\/aldaheem.ae\/wp-content\/themes\/woodmart\/css\/parts\/mod-highlighted-text.min.css?ver=6.3.3\" type=\"text\/css\" media=\"all\" \/> \t\t\t\n\t\t<div id=\"wd-62cc8119a04a4\" class=\"title-wrapper wd-wpb set-mb-s reset-last-child  wd-rs-62cc8119a04a4 wd-title-color-default wd-title-style-default wd-width-100 text-left  wd-underline-colored\">\n\t\t\t\t\t\t\t<div class=\"title-subtitle  subtitle-color-default font-default subtitle-style-default wd-font-weight- wd-fontsize-xs\">Knowledge Section<\/div>\n\t\t\t\n\t\t\t<div class=\"liner-continer\">\n\t\t\t\t<h4 class=\"woodmart-title-container title  wd-font-weight- wd-fontsize-l\" >Some of Frequently asked Questions<\/h4>\n\t\t\t\t\t\t\t<\/div>\n\t\t\t\n\t\t\t\n\t\t\t\n\t\t<\/div>\n\t\t\n\t\t[vc_wp_search][vc_toggle title=&#8221;What is the process of setting up a business in Dubai?&#8221;]Licensing to carry out business activities in Dubai happens in three stages.<\/p>\n<ul>\n<li>Initial approval where an individual or a company submits an application for approval of the activities intended for the said business.<\/li>\n<li>Ensuring all legal requirements are met by the investor. This includes authentication of the investor\u2019s identification, educational qualifications and all financial matters involved in the establishment of the business.<\/li>\n<li>Verification of the business premises and issuance of the investor visa.<\/li>\n<\/ul>\n<p>[\/vc_toggle][vc_toggle title=&#8221;What type of UAE companies can I start?&#8221;]UAE allows company formation in free zone, mainland, or offshore.\u00a0<strong>Business setup in UAE mainland<\/strong>\u00a0requires a local sponsor and the license is issued by DED. Free zone companies can operate within a limited geographical region and the license is issued by particular free zone authority.\u00a0<strong>Offshore businesses in UAE<\/strong>\u00a0allow your company to trade outside UAE as well as take efforts to safeguard your wealth and assets. Offshore companies get a certificate of incorporation and not a trade license. All types of companies can be started in UAE and more than thousand activities are allowed by the Economic department.[\/vc_toggle][vc_toggle title=&#8221;How to start an LLC company in UAE?&#8221;]To establish your\u00a0<strong>LLC Company in Dubai mainland<\/strong>\u00a0or anywhere else in UAE, you have to reserve a trade name and other necessary preliminary approvals from concerned authorities. You get an MOA from the company and also, submit the lease contract to the licensing authority. Also, find a local partner and rented office space to start your business.<\/p>\n<p>A&amp;A Associate offer few inclusive and affordable packages according to your business setup requirements.[\/vc_toggle][vc_toggle title=&#8221;What are visa requirements for investors and employees while setting up a company in Dubai?&#8221;]Depending on the company type, there are different types of visa requirements in Dubai. To live and work in Dubai, every foreign national needs a residence visa and in order to employ staff in your organization the manager of the company must have a residence visa which will then allow the company to recruit staff. Offshore incorporations do not require residence visas as these do not entitle the holder to do business in UAE. Free zone incorporations allow for the issuance of residence visas depending on the size of the establishment.[\/vc_toggle][vc_toggle title=&#8221;How long does it take to start a company in Dubai?&#8221;]It can take as little as five days or can take up to six weeks to start your business in Dubai depending on the company type and structure. Company registration is the initial step of which it is a matter of gathering all documentation.[\/vc_toggle][vc_toggle title=&#8221;What is an employment contract?&#8221;]An employment contract is an agreement with a limited or unlimited period, between an employer and an employee whereby the employee commits to work for the employer and agrees to work under the employer\u2019s management and supervision, for which the employee receives remuneration from the employer[\/vc_toggle][vc_toggle title=&#8221;What requirements must be covered in an employment contract?&#8221;]DMCC provides an employment contract template through the DMCC portal, which covers all of the provisions required under the UAE Labour Law to be included in the employment contract, including the date of the contract, date of commencement, nature of the work, place of work, duration (if a limited period) and remuneration.[\/vc_toggle][vc_toggle title=&#8221;3.\tAs an employer, is it important whether an employment contract is limited or unlimited?&#8221;]Yes. An employment contract may be for a limited or an unlimited period. A limited contract is for a fixed period whereas an unlimited contract is open ended contract. If a limited contract is terminated before expiry of the fixed term, compensation may be payable by the terminating party (either the employee or employer) as explained below. There are significant differences in the calculation of the end of service benefits for limited contracts and unlimited contracts in cases where an employee&#8217;s employment terminates by reason of resignation.<\/p>\n<p>The differences are outlined in the DMCC End of Service Benefit Calculation guidance:http:\/\/www.dmcc.ae\/content-page?Guide-to-DMCC%u2019sPopular-Employment-Services&amp;Articleid=a055F00000kguuIQAQ[\/vc_toggle][vc_toggle title=&#8221;How do I know if a contract is limited (determined period) or unlimited (undetermined)?&#8221;]Limited Contract<\/p>\n<ul>\n<li>The contract has a commencement and termination date or specifies the duration of the contract.<\/li>\n<li>Term cannot exceed four (4) years.<\/li>\n<li>May be renewed through mutual consent for a similar or lesser period, which will be added to the total period of service.<\/li>\n<\/ul>\n<p>Unlimited Contract<\/p>\n<ul>\n<li>The contract has a commencement date only.<\/li>\n<li>Also considered \u201cunlimited\u201d if: \u00fc it is an oral contract; \u00fc it is not for a specified period; \u00fc if a limited contract is not explicitly renewed by mutual consent and the employee remains in service, then the employment will continue on the basis of an unlimited contract with all other terms unchanged; \u00fc the purpose of the employment is to complete specific work but not in a specified time-frame; or \u00fc it is by its nature likely to be renewed and the contract continues after the work agreed upon is completed.<\/li>\n<\/ul>\n<p>[\/vc_toggle][vc_toggle title=&#8221;What happens to a limited contract if it is not explicitly renewed? &#8220;]If a limited contract is not explicitly renewed by mutual consent and the employee remains in service, then the employment will continue on the basis of an unlimited contract with all other terms unchanged.[\/vc_toggle][vc_toggle title=&#8221;Is the break hour included as part of working hours?&#8221;]Break times are not counted in working hours. Employees must not work over five (5) hours consecutively without a break for rest, food or prayer with a total break of at least one (1) hour.[\/vc_toggle][vc_toggle title=&#8221;What is the maximum number of working hours per day?&#8221;]Eight (8) hours per day or forty-eight (48) hours per week (assuming a 6 day working week) for an adult. Where an employer operates a five (5) day working week, the total working hours may not exceed 40 hours per week (i.e. 8 hours per day). In the case of commercial establishments, hotels, restaurants, watchmen and similar operations working hours may be increased to nine (9) hours per day. The commute to work is not included in working hours.<\/p>\n<p>During Ramadan there is a two (2) hour reduction in working hours per day[\/vc_toggle][vc_toggle title=&#8221;Is the probation period included in the employee\u2019s total period of service&#8221;]Yes. If the employee passes the probationary period, and remains in service, the probation period is included in the period of their service.[\/vc_toggle][vc_toggle title=&#8221;Can an employer terminate a contract during the probation period? &#8220;]Yes, the employer may terminate the services of the employee without notice and without payment of end of service benefit during the probation period.<\/p>\n<p>&nbsp;[\/vc_toggle][vc_toggle title=&#8221;What is the maximum probation period? &#8220;]The employee may be required to complete a probation period not exceeding six (6) months.[\/vc_toggle][vc_toggle title=&#8221;What approvals do I need to allow an employee to commence service? &#8220;]The employer must obtain the correct permits for the employee to work from the DMCC free zone. Refer to the Employment Matters Decision Charts[\/vc_toggle][vc_toggle title=&#8221;Can employees work in excess of their normal working hours? If so, what is the maximum number of overtime hours per day? &#8220;]Yes, however, overtime may not exceed two (2) hours per day unless work is necessary to prevent substantial loss, serious accident or to eliminate or alleviate both.[\/vc_toggle][\/vc_column][\/vc_row][vc_row][vc_column]\n\t\t<div id=\"wd-62cd1f62c5d62\" class=\"title-wrapper wd-wpb set-mb-s reset-last-child  wd-rs-62cd1f62c5d62 wd-title-color-default wd-title-style-default wd-width-100 text-center  wd-underline-colored\">\n\t\t\t\n\t\t\t<div class=\"liner-continer\">\n\t\t\t\t<h4 class=\"woodmart-title-container title  wd-font-weight- wd-fontsize-l\" ><u>Didn't find your solution ? Ask US<\/u><\/h4>\n\t\t\t\t\t\t\t<\/div>\n\t\t\t\n\t\t\t\n\t\t\t\n\t\t<\/div>\n\t\t\n\t\t\n<div class=\"wpcf7 no-js\" id=\"wpcf7-f7207-o1\" lang=\"en-US\" dir=\"ltr\">\n<div class=\"screen-reader-response\"><p role=\"status\" aria-live=\"polite\" aria-atomic=\"true\"><\/p> <ul><\/ul><\/div>\n<form action=\"\/index.php?rest_route=%2Fwp%2Fv2%2Fpages%2F7340#wpcf7-f7207-o1\" method=\"post\" class=\"wpcf7-form init\" aria-label=\"Contact form\" novalidate=\"novalidate\" data-status=\"init\">\n<div style=\"display: none;\">\n<input type=\"hidden\" name=\"_wpcf7\" value=\"7207\" \/>\n<input type=\"hidden\" name=\"_wpcf7_version\" value=\"5.7.7\" \/>\n<input type=\"hidden\" name=\"_wpcf7_locale\" value=\"en_US\" \/>\n<input type=\"hidden\" name=\"_wpcf7_unit_tag\" value=\"wpcf7-f7207-o1\" \/>\n<input type=\"hidden\" name=\"_wpcf7_container_post\" value=\"0\" \/>\n<input type=\"hidden\" name=\"_wpcf7_posted_data_hash\" value=\"\" \/>\n<input type=\"hidden\" name=\"_wpcf7_recaptcha_response\" value=\"\" \/>\n<\/div>\n<p><label> Your name<br \/>\n<span class=\"wpcf7-form-control-wrap\" data-name=\"your-name\"><input size=\"40\" class=\"wpcf7-form-control wpcf7-text wpcf7-validates-as-required\" aria-required=\"true\" aria-invalid=\"false\" value=\"\" type=\"text\" name=\"your-name\" \/><\/span> <\/label>\n<\/p>\n<p><label> Your email<br \/>\n<span class=\"wpcf7-form-control-wrap\" data-name=\"your-email\"><input size=\"40\" class=\"wpcf7-form-control wpcf7-text wpcf7-email wpcf7-validates-as-required wpcf7-validates-as-email\" aria-required=\"true\" aria-invalid=\"false\" value=\"\" type=\"email\" name=\"your-email\" \/><\/span> <\/label>\n<\/p>\n<p><label> Phone No.<br \/>\n<span class=\"wpcf7-form-control-wrap\" data-name=\"tel-615\"><input size=\"40\" class=\"wpcf7-form-control wpcf7-text wpcf7-tel wpcf7-validates-as-required wpcf7-validates-as-tel\" aria-required=\"true\" aria-invalid=\"false\" value=\"\" type=\"tel\" name=\"tel-615\" \/><\/span><br \/>\n<label> Between<br \/>\n<span class=\"wpcf7-form-control-wrap\" data-name=\"Between\"><span class=\"wpcf7-form-control wpcf7-checkbox wpcf7-validates-as-required\"><span class=\"wpcf7-list-item first\"><label><input type=\"checkbox\" name=\"Between[]\" value=\"10 AM to 01 PM\" \/><span class=\"wpcf7-list-item-label\">10 AM to 01 PM<\/span><\/label><\/span><span class=\"wpcf7-list-item\"><label><input type=\"checkbox\" name=\"Between[]\" value=\"01 PM to 04 PM\" \/><span class=\"wpcf7-list-item-label\">01 PM to 04 PM<\/span><\/label><\/span><span class=\"wpcf7-list-item\"><label><input type=\"checkbox\" name=\"Between[]\" value=\"04 PM to 07 PM\" \/><span class=\"wpcf7-list-item-label\">04 PM to 07 PM<\/span><\/label><\/span><span class=\"wpcf7-list-item last\"><label><input type=\"checkbox\" name=\"Between[]\" value=\"07 PM to 10 PM\" \/><span class=\"wpcf7-list-item-label\">07 PM to 10 PM<\/span><\/label><\/span><\/span><\/span><br \/>\n<input class=\"wpcf7-form-control has-spinner wpcf7-submit\" type=\"submit\" value=\"Submit\" \/><\/label><\/label>\n<\/p><div class=\"wpcf7-response-output\" aria-hidden=\"true\"><\/div>\n<\/form>\n<\/div>\n[\/vc_column][\/vc_row]<\/p>\n","protected":false},"excerpt":{"rendered":"<p>[vc_row][vc_column][vc_wp_search][vc_toggle title=&#8221;What is the process of setting up a business in Dubai?&#8221;]Licensing to carry out business activities in Dubai happens<\/p>\n","protected":false},"author":1,"featured_media":0,"parent":0,"menu_order":0,"comment_status":"closed","ping_status":"closed","template":"","meta":{"_monsterinsights_skip_tracking":false,"_monsterinsights_sitenote_active":false,"_monsterinsights_sitenote_note":"","_monsterinsights_sitenote_category":0,"_joinchat":[]},"yoast_head":"<!-- This site is optimized with the Yoast SEO plugin v19.3 - https:\/\/yoast.com\/wordpress\/plugins\/seo\/ -->\n<title>FAQ&#039;s &ndash; Al Daheem Typing Center<\/title>\n<meta name=\"robots\" content=\"index, follow, max-snippet:-1, max-image-preview:large, max-video-preview:-1\" \/>\n<link rel=\"canonical\" href=\"https:\/\/aldaheem.ae\/?page_id=7340\" \/>\n<meta property=\"og:locale\" content=\"en_US\" \/>\n<meta property=\"og:type\" content=\"article\" \/>\n<meta property=\"og:title\" content=\"FAQ&#039;s &ndash; Al Daheem Typing Center\" \/>\n<meta property=\"og:description\" content=\"[vc_row][vc_column][vc_wp_search][vc_toggle title=&#8221;What is the process of setting up a business in Dubai?&#8221;]Licensing to carry out business activities in Dubai happens\" \/>\n<meta property=\"og:url\" content=\"https:\/\/aldaheem.ae\/?page_id=7340\" \/>\n<meta property=\"og:site_name\" content=\"Al Daheem Typing Center\" \/>\n<meta property=\"article:publisher\" content=\"https:\/\/facebook.com\/aldaheem\" \/>\n<meta property=\"article:modified_time\" content=\"2022-07-12T07:16:09+00:00\" \/>\n<meta name=\"twitter:card\" content=\"summary_large_image\" \/>\n<meta name=\"twitter:label1\" content=\"Est. reading time\" \/>\n\t<meta name=\"twitter:data1\" content=\"7 minutes\" \/>\n<script type=\"application\/ld+json\" class=\"yoast-schema-graph\">{\"@context\":\"https:\/\/schema.org\",\"@graph\":[{\"@type\":\"Organization\",\"@id\":\"https:\/\/aldaheem.ae\/#organization\",\"name\":\"Al Daheem Typing | Visa Services\",\"url\":\"https:\/\/aldaheem.ae\/\",\"sameAs\":[\"https:\/\/instagram.com\/aldaheemtyping\",\"https:\/\/www.tiktok.com\/@aldaheemtyping\",\"https:\/\/facebook.com\/aldaheem\"],\"logo\":{\"@type\":\"ImageObject\",\"inLanguage\":\"en-US\",\"@id\":\"https:\/\/aldaheem.ae\/#\/schema\/logo\/image\/\",\"url\":\"https:\/\/aldaheem.ae\/wp-content\/uploads\/2021\/07\/Al-daheem-typing-logo-.svg\",\"contentUrl\":\"https:\/\/aldaheem.ae\/wp-content\/uploads\/2021\/07\/Al-daheem-typing-logo-.svg\",\"width\":224,\"height\":45,\"caption\":\"Al Daheem Typing | Visa Services\"},\"image\":{\"@id\":\"https:\/\/aldaheem.ae\/#\/schema\/logo\/image\/\"}},{\"@type\":\"WebSite\",\"@id\":\"https:\/\/aldaheem.ae\/#website\",\"url\":\"https:\/\/aldaheem.ae\/\",\"name\":\"Al Daheem Typing Center\",\"description\":\"Al Daheem Your Trusted Advisor !!\",\"publisher\":{\"@id\":\"https:\/\/aldaheem.ae\/#organization\"},\"potentialAction\":[{\"@type\":\"SearchAction\",\"target\":{\"@type\":\"EntryPoint\",\"urlTemplate\":\"https:\/\/aldaheem.ae\/?s={search_term_string}\"},\"query-input\":\"required name=search_term_string\"}],\"inLanguage\":\"en-US\"},{\"@type\":\"WebPage\",\"@id\":\"https:\/\/aldaheem.ae\/?page_id=7340\",\"url\":\"https:\/\/aldaheem.ae\/?page_id=7340\",\"name\":\"FAQ's &ndash; Al Daheem Typing Center\",\"isPartOf\":{\"@id\":\"https:\/\/aldaheem.ae\/#website\"},\"datePublished\":\"2022-07-11T19:55:53+00:00\",\"dateModified\":\"2022-07-12T07:16:09+00:00\",\"breadcrumb\":{\"@id\":\"https:\/\/aldaheem.ae\/?page_id=7340#breadcrumb\"},\"inLanguage\":\"en-US\",\"potentialAction\":[{\"@type\":\"ReadAction\",\"target\":[\"https:\/\/aldaheem.ae\/?page_id=7340\"]}]},{\"@type\":\"BreadcrumbList\",\"@id\":\"https:\/\/aldaheem.ae\/?page_id=7340#breadcrumb\",\"itemListElement\":[{\"@type\":\"ListItem\",\"position\":1,\"name\":\"Home\",\"item\":\"https:\/\/aldaheem.ae\/\"},{\"@type\":\"ListItem\",\"position\":2,\"name\":\"FAQ&#8217;s\"}]}]}<\/script>\n<!-- \/ Yoast SEO plugin. -->","yoast_head_json":{"title":"FAQ's &ndash; Al Daheem Typing Center","robots":{"index":"index","follow":"follow","max-snippet":"max-snippet:-1","max-image-preview":"max-image-preview:large","max-video-preview":"max-video-preview:-1"},"canonical":"https:\/\/aldaheem.ae\/?page_id=7340","og_locale":"en_US","og_type":"article","og_title":"FAQ's &ndash; Al Daheem Typing Center","og_description":"[vc_row][vc_column][vc_wp_search][vc_toggle title=&#8221;What is the process of setting up a business in Dubai?&#8221;]Licensing to carry out business activities in Dubai happens","og_url":"https:\/\/aldaheem.ae\/?page_id=7340","og_site_name":"Al Daheem Typing Center","article_publisher":"https:\/\/facebook.com\/aldaheem","article_modified_time":"2022-07-12T07:16:09+00:00","twitter_card":"summary_large_image","twitter_misc":{"Est. reading time":"7 minutes"},"schema":{"@context":"https:\/\/schema.org","@graph":[{"@type":"Organization","@id":"https:\/\/aldaheem.ae\/#organization","name":"Al Daheem Typing | Visa Services","url":"https:\/\/aldaheem.ae\/","sameAs":["https:\/\/instagram.com\/aldaheemtyping","https:\/\/www.tiktok.com\/@aldaheemtyping","https:\/\/facebook.com\/aldaheem"],"logo":{"@type":"ImageObject","inLanguage":"en-US","@id":"https:\/\/aldaheem.ae\/#\/schema\/logo\/image\/","url":"https:\/\/aldaheem.ae\/wp-content\/uploads\/2021\/07\/Al-daheem-typing-logo-.svg","contentUrl":"https:\/\/aldaheem.ae\/wp-content\/uploads\/2021\/07\/Al-daheem-typing-logo-.svg","width":224,"height":45,"caption":"Al Daheem Typing | Visa Services"},"image":{"@id":"https:\/\/aldaheem.ae\/#\/schema\/logo\/image\/"}},{"@type":"WebSite","@id":"https:\/\/aldaheem.ae\/#website","url":"https:\/\/aldaheem.ae\/","name":"Al Daheem Typing Center","description":"Al Daheem Your Trusted Advisor !!","publisher":{"@id":"https:\/\/aldaheem.ae\/#organization"},"potentialAction":[{"@type":"SearchAction","target":{"@type":"EntryPoint","urlTemplate":"https:\/\/aldaheem.ae\/?s={search_term_string}"},"query-input":"required name=search_term_string"}],"inLanguage":"en-US"},{"@type":"WebPage","@id":"https:\/\/aldaheem.ae\/?page_id=7340","url":"https:\/\/aldaheem.ae\/?page_id=7340","name":"FAQ's &ndash; Al Daheem Typing Center","isPartOf":{"@id":"https:\/\/aldaheem.ae\/#website"},"datePublished":"2022-07-11T19:55:53+00:00","dateModified":"2022-07-12T07:16:09+00:00","breadcrumb":{"@id":"https:\/\/aldaheem.ae\/?page_id=7340#breadcrumb"},"inLanguage":"en-US","potentialAction":[{"@type":"ReadAction","target":["https:\/\/aldaheem.ae\/?page_id=7340"]}]},{"@type":"BreadcrumbList","@id":"https:\/\/aldaheem.ae\/?page_id=7340#breadcrumb","itemListElement":[{"@type":"ListItem","position":1,"name":"Home","item":"https:\/\/aldaheem.ae\/"},{"@type":"ListItem","position":2,"name":"FAQ&#8217;s"}]}]}},"_links":{"self":[{"href":"https:\/\/aldaheem.ae\/index.php?rest_route=\/wp\/v2\/pages\/7340"}],"collection":[{"href":"https:\/\/aldaheem.ae\/index.php?rest_route=\/wp\/v2\/pages"}],"about":[{"href":"https:\/\/aldaheem.ae\/index.php?rest_route=\/wp\/v2\/types\/page"}],"author":[{"embeddable":true,"href":"https:\/\/aldaheem.ae\/index.php?rest_route=\/wp\/v2\/users\/1"}],"replies":[{"embeddable":true,"href":"https:\/\/aldaheem.ae\/index.php?rest_route=%2Fwp%2Fv2%2Fcomments&post=7340"}],"version-history":[{"count":3,"href":"https:\/\/aldaheem.ae\/index.php?rest_route=\/wp\/v2\/pages\/7340\/revisions"}],"predecessor-version":[{"id":7344,"href":"https:\/\/aldaheem.ae\/index.php?rest_route=\/wp\/v2\/pages\/7340\/revisions\/7344"}],"wp:attachment":[{"href":"https:\/\/aldaheem.ae\/index.php?rest_route=%2Fwp%2Fv2%2Fmedia&parent=7340"}],"curies":[{"name":"wp","href":"https:\/\/api.w.org\/{rel}","templated":true}]}}